{"id":65,"date":"2024-08-13T18:30:10","date_gmt":"2024-08-13T16:30:10","guid":{"rendered":"https:\/\/zlobeksensomisie.pl\/?page_id=65"},"modified":"2025-05-06T10:30:18","modified_gmt":"2025-05-06T08:30:18","slug":"programy-dotacje","status":"publish","type":"page","link":"https:\/\/zlobeksensomisie.pl\/?page_id=65","title":{"rendered":"Programy \/ Dotacje"},"content":{"rendered":"\t\t<div data-elementor-type=\"wp-page\" data-elementor-id=\"65\" class=\"elementor elementor-65\" data-elementor-post-type=\"page\">\n\t\t\t\t\t\t<section data-particle_enable=\"false\" data-particle-mobile-disabled=\"false\" class=\"elementor-section elementor-top-section elementor-element elementor-element-79f9316 elementor-section-boxed elementor-section-height-default elementor-section-height-default\" data-id=\"79f9316\" data-element_type=\"section\">\n\t\t\t\t\t\t<div class=\"elementor-container elementor-column-gap-default\">\n\t\t\t\t\t<div class=\"elementor-column elementor-col-100 elementor-top-column elementor-element elementor-element-15b72ab\" data-id=\"15b72ab\" data-element_type=\"column\">\n\t\t\t<div class=\"elementor-widget-wrap elementor-element-populated\">\n\t\t\t\t\t\t<div class=\"elementor-element elementor-element-9e39562 elementor--h-position-center elementor--v-position-middle elementor-arrows-position-inside elementor-pagination-position-inside elementor-widget elementor-widget-slides\" data-id=\"9e39562\" data-element_type=\"widget\" data-settings=\"{&quot;navigation&quot;:&quot;both&quot;,&quot;autoplay&quot;:&quot;yes&quot;,&quot;pause_on_hover&quot;:&quot;yes&quot;,&quot;pause_on_interaction&quot;:&quot;yes&quot;,&quot;autoplay_speed&quot;:5000,&quot;infinite&quot;:&quot;yes&quot;,&quot;transition&quot;:&quot;slide&quot;,&quot;transition_speed&quot;:500}\" data-widget_type=\"slides.default\">\n\t\t\t\t<div class=\"elementor-widget-container\">\n\t\t\t<style>\/*! elementor-pro - v3.21.0 - 15-04-2024 *\/\n.elementor-slides .swiper-slide-bg{background-size:cover;background-position:50%;background-repeat:no-repeat;min-width:100%;min-height:100%}.elementor-slides .swiper-slide-inner{background-repeat:no-repeat;background-position:50%;position:absolute;top:0;left:0;bottom:0;right:0;padding:50px;margin:auto}.elementor-slides .swiper-slide-inner,.elementor-slides .swiper-slide-inner:hover{color:#fff;display:flex}.elementor-slides .swiper-slide-inner .elementor-background-overlay{position:absolute;z-index:0;top:0;bottom:0;left:0;right:0}.elementor-slides .swiper-slide-inner .elementor-slide-content{position:relative;z-index:1;width:100%}.elementor-slides .swiper-slide-inner .elementor-slide-heading{font-size:35px;font-weight:700;line-height:1}.elementor-slides .swiper-slide-inner .elementor-slide-description{font-size:17px;line-height:1.4}.elementor-slides .swiper-slide-inner .elementor-slide-description:not(:last-child),.elementor-slides .swiper-slide-inner .elementor-slide-heading:not(:last-child){margin-bottom:30px}.elementor-slides .swiper-slide-inner .elementor-slide-button{border:2px solid #fff;color:#fff;background:transparent;display:inline-block}.elementor-slides .swiper-slide-inner .elementor-slide-button,.elementor-slides .swiper-slide-inner .elementor-slide-button:hover{background:transparent;color:inherit;text-decoration:none}.elementor--v-position-top .swiper-slide-inner{align-items:flex-start}.elementor--v-position-bottom .swiper-slide-inner{align-items:flex-end}.elementor--v-position-middle .swiper-slide-inner{align-items:center}.elementor--h-position-left .swiper-slide-inner{justify-content:flex-start}.elementor--h-position-right .swiper-slide-inner{justify-content:flex-end}.elementor--h-position-center .swiper-slide-inner{justify-content:center}body.rtl .elementor-widget-slides .elementor-swiper-button-next{left:10px;right:auto}body.rtl .elementor-widget-slides .elementor-swiper-button-prev{right:10px;left:auto}.elementor-slides-wrapper div:not(.swiper-slide)>.swiper-slide-inner{display:none}@media (max-width:767px){.elementor-slides .swiper-slide-inner{padding:30px}.elementor-slides .swiper-slide-inner .elementor-slide-heading{font-size:23px;line-height:1;margin-bottom:15px}.elementor-slides .swiper-slide-inner .elementor-slide-description{font-size:13px;line-height:1.4;margin-bottom:15px}}<\/style>\t\t<div class=\"elementor-swiper\">\n\t\t\t<div class=\"elementor-slides-wrapper elementor-main-swiper swiper\" dir=\"ltr\" data-animation=\"fadeInUp\">\n\t\t\t\t<div class=\"swiper-wrapper elementor-slides\">\n\t\t\t\t\t\t\t\t\t\t<div class=\"elementor-repeater-item-485af20 swiper-slide\"><div class=\"swiper-slide-bg\" role=\"img\"><\/div><div class=\"swiper-slide-inner\" ><div class=\"swiper-slide-contents\"><\/div><\/div><\/div>\t\t\t\t<\/div>\n\t\t\t\t\t\t\t<\/div>\n\t\t<\/div>\n\t\t\t\t<\/div>\n\t\t\t\t<\/div>\n\t\t\t\t\t<\/div>\n\t\t<\/div>\n\t\t\t\t\t<\/div>\n\t\t<\/section>\n\t\t\t\t<section data-particle_enable=\"false\" data-particle-mobile-disabled=\"false\" class=\"elementor-section elementor-top-section elementor-element elementor-element-8187308 elementor-section-boxed elementor-section-height-default elementor-section-height-default\" data-id=\"8187308\" data-element_type=\"section\" data-settings=\"{&quot;background_background&quot;:&quot;classic&quot;}\">\n\t\t\t\t\t\t<div class=\"elementor-container elementor-column-gap-default\">\n\t\t\t\t\t<div class=\"elementor-column elementor-col-100 elementor-top-column elementor-element elementor-element-05ad5c8\" data-id=\"05ad5c8\" data-element_type=\"column\">\n\t\t\t<div class=\"elementor-widget-wrap elementor-element-populated\">\n\t\t\t\t\t\t<div class=\"elementor-element elementor-element-16c6188 elementor-widget elementor-widget-heading\" data-id=\"16c6188\" data-element_type=\"widget\" data-widget_type=\"heading.default\">\n\t\t\t\t<div class=\"elementor-widget-container\">\n\t\t\t<style>\/*! elementor - v3.23.0 - 05-08-2024 *\/\n.elementor-heading-title{padding:0;margin:0;line-height:1}.elementor-widget-heading .elementor-heading-title[class*=elementor-size-]>a{color:inherit;font-size:inherit;line-height:inherit}.elementor-widget-heading .elementor-heading-title.elementor-size-small{font-size:15px}.elementor-widget-heading .elementor-heading-title.elementor-size-medium{font-size:19px}.elementor-widget-heading .elementor-heading-title.elementor-size-large{font-size:29px}.elementor-widget-heading .elementor-heading-title.elementor-size-xl{font-size:39px}.elementor-widget-heading .elementor-heading-title.elementor-size-xxl{font-size:59px}<\/style><h3 class=\"elementor-heading-title elementor-size-default\">Programy \/ dotacje<\/h3>\t\t<\/div>\n\t\t\t\t<\/div>\n\t\t\t\t<section data-particle_enable=\"false\" data-particle-mobile-disabled=\"false\" class=\"elementor-section elementor-inner-section elementor-element elementor-element-3520df1 elementor-section-boxed elementor-section-height-default elementor-section-height-default\" data-id=\"3520df1\" data-element_type=\"section\">\n\t\t\t\t\t\t<div class=\"elementor-container elementor-column-gap-default\">\n\t\t\t\t\t<div class=\"elementor-column elementor-col-50 elementor-inner-column elementor-element elementor-element-eafacef\" data-id=\"eafacef\" data-element_type=\"column\">\n\t\t\t<div class=\"elementor-widget-wrap elementor-element-populated\">\n\t\t\t\t\t\t<div class=\"elementor-element elementor-element-d97c4ec elementor-widget elementor-widget-text-editor\" data-id=\"d97c4ec\" data-element_type=\"widget\" data-widget_type=\"text-editor.default\">\n\t\t\t\t<div class=\"elementor-widget-container\">\n\t\t\t<style>\/*! elementor - v3.23.0 - 05-08-2024 *\/\n.elementor-widget-text-editor.elementor-drop-cap-view-stacked .elementor-drop-cap{background-color:#69727d;color:#fff}.elementor-widget-text-editor.elementor-drop-cap-view-framed .elementor-drop-cap{color:#69727d;border:3px solid;background-color:transparent}.elementor-widget-text-editor:not(.elementor-drop-cap-view-default) .elementor-drop-cap{margin-top:8px}.elementor-widget-text-editor:not(.elementor-drop-cap-view-default) .elementor-drop-cap-letter{width:1em;height:1em}.elementor-widget-text-editor .elementor-drop-cap{float:left;text-align:center;line-height:1;font-size:50px}.elementor-widget-text-editor .elementor-drop-cap-letter{display:inline-block}<\/style>\t\t\t\t<p>\u00a0\u00a0\u00a0\u00a0\u00a0\u00a0\u00a0\u00a0\u00a0\u00a0\u00a0\u00a0 Z rado\u015bci\u0105 informuj\u0119, podpisa\u0142am umow\u0119 ws. przekazania dofinansowania na zadanie polegaj\u0105ce na tworzeniu miejsc opieki nad dzie\u0107mi w wieku do lat 3 w ramach <strong>Programu rozwoju instytucji opieki nad dzie\u0107mi w wieku do lat 3 \u201eMALUCH+\u201d 2022-2029.<\/strong><\/p><p>\u00a0\u00a0\u00a0\u00a0\u00a0\u00a0\u00a0\u00a0 Ja, Agata Kwietniowska-Gero\u0144 \u2013 ostateczny odbiorca wsparcia otrzyma\u0142am \u015brodki finansowe z przeznaczaniem na zadanie polegaj\u0105ce na utworzeniu \u017c\u0142obka SENSOMISIE &#8211; nazwa zadania \u2013 \u201eDofinansowanie \u017c\u0142obka z programu MALUCH+\u201d.<\/p>\t\t\t\t\t\t<\/div>\n\t\t\t\t<\/div>\n\t\t\t\t\t<\/div>\n\t\t<\/div>\n\t\t\t\t<div class=\"elementor-column elementor-col-50 elementor-inner-column elementor-element elementor-element-657ee90\" data-id=\"657ee90\" data-element_type=\"column\">\n\t\t\t<div class=\"elementor-widget-wrap elementor-element-populated\">\n\t\t\t\t\t\t<div class=\"elementor-element elementor-element-4247aee elementor-widget elementor-widget-image\" data-id=\"4247aee\" data-element_type=\"widget\" data-widget_type=\"image.default\">\n\t\t\t\t<div class=\"elementor-widget-container\">\n\t\t\t<style>\/*! elementor - v3.23.0 - 05-08-2024 *\/\n.elementor-widget-image{text-align:center}.elementor-widget-image a{display:inline-block}.elementor-widget-image a img[src$=\".svg\"]{width:48px}.elementor-widget-image img{vertical-align:middle;display:inline-block}<\/style>\t\t\t\t\t\t\t\t\t\t<img fetchpriority=\"high\" decoding=\"async\" width=\"1024\" height=\"324\" src=\"https:\/\/zlobeksensomisie.pl\/wp-content\/uploads\/2024\/08\/maluch-plus-1024x324.jpg\" class=\"attachment-large size-large wp-image-426\" alt=\"\" srcset=\"https:\/\/zlobeksensomisie.pl\/wp-content\/uploads\/2024\/08\/maluch-plus-1024x324.jpg 1024w, https:\/\/zlobeksensomisie.pl\/wp-content\/uploads\/2024\/08\/maluch-plus-300x95.jpg 300w, https:\/\/zlobeksensomisie.pl\/wp-content\/uploads\/2024\/08\/maluch-plus-768x243.jpg 768w, https:\/\/zlobeksensomisie.pl\/wp-content\/uploads\/2024\/08\/maluch-plus-1536x485.jpg 1536w, https:\/\/zlobeksensomisie.pl\/wp-content\/uploads\/2024\/08\/maluch-plus.jpg 1627w\" sizes=\"(max-width: 1024px) 100vw, 1024px\" \/>\t\t\t\t\t\t\t\t\t\t\t\t\t<\/div>\n\t\t\t\t<\/div>\n\t\t\t\t<div class=\"elementor-element elementor-element-c6333cd elementor-widget elementor-widget-image\" data-id=\"c6333cd\" data-element_type=\"widget\" data-widget_type=\"image.default\">\n\t\t\t\t<div class=\"elementor-widget-container\">\n\t\t\t\t\t\t\t\t\t\t\t\t\t<img decoding=\"async\" width=\"1024\" height=\"162\" src=\"https:\/\/zlobeksensomisie.pl\/wp-content\/uploads\/2024\/08\/loga-1024x162.jpg\" class=\"attachment-large size-large wp-image-425\" alt=\"\" srcset=\"https:\/\/zlobeksensomisie.pl\/wp-content\/uploads\/2024\/08\/loga-1024x162.jpg 1024w, https:\/\/zlobeksensomisie.pl\/wp-content\/uploads\/2024\/08\/loga-300x47.jpg 300w, https:\/\/zlobeksensomisie.pl\/wp-content\/uploads\/2024\/08\/loga-768x122.jpg 768w, https:\/\/zlobeksensomisie.pl\/wp-content\/uploads\/2024\/08\/loga.jpg 1036w\" sizes=\"(max-width: 1024px) 100vw, 1024px\" \/>\t\t\t\t\t\t\t\t\t\t\t\t\t<\/div>\n\t\t\t\t<\/div>\n\t\t\t\t\t<\/div>\n\t\t<\/div>\n\t\t\t\t\t<\/div>\n\t\t<\/section>\n\t\t\t\t<div class=\"elementor-element elementor-element-0dc6bf2 elementor-widget elementor-widget-text-editor\" data-id=\"0dc6bf2\" data-element_type=\"widget\" data-widget_type=\"text-editor.default\">\n\t\t\t\t<div class=\"elementor-widget-container\">\n\t\t\t\t\t\t\t<p>\u00a0<\/p><p><strong>\u0141\u0105czna kwota wsparcia z Uni Europejskiej: z FERS oraz bud\u017cetu pa\u0144stwa wynosi 490 000,00 z\u0142.<\/strong> <br \/>\u015arodki te pochodz\u0105 z nast\u0119puj\u0105cych \u017ar\u00f3de\u0142: <strong>\u015brodki europejskie w kwocie 404 348,00 z\u0142<\/strong> oraz <strong>\u015brodki dofinansowania w formie wsp\u00f3\u0142finansowania krajowego \u015brodk\u00f3w europejskich w kwocie 85 652,00 z\u0142.<br \/><\/strong><\/p><p><strong>Celem zadania jest utworzenie 40 miejsc opieki w \u017c\u0142obka i dofinansowanie funkcjonowania tych miejsc w okresie 36 miesi\u0119cy.<\/strong><\/p>\t\t\t\t\t\t<\/div>\n\t\t\t\t<\/div>\n\t\t\t\t<div class=\"elementor-element elementor-element-8088e05 elementor-widget elementor-widget-heading\" data-id=\"8088e05\" data-element_type=\"widget\" data-widget_type=\"heading.default\">\n\t\t\t\t<div class=\"elementor-widget-container\">\n\t\t\t<h4 class=\"elementor-heading-title elementor-size-default\">Na co przeznacz\u0119 \u015brodki:<\/h4>\t\t<\/div>\n\t\t\t\t<\/div>\n\t\t\t\t<div class=\"elementor-element elementor-element-ff25d01 elementor-widget elementor-widget-text-editor\" data-id=\"ff25d01\" data-element_type=\"widget\" data-widget_type=\"text-editor.default\">\n\t\t\t\t<div class=\"elementor-widget-container\">\n\t\t\t\t\t\t\t<ul><li><strong>Przebudow\u0119 lub remont<\/strong> \u2013 dostosowanie budynku lub pomieszcze\u0144 do potrzeb dzieci w tym do wymog\u00f3w budowlanych, sanitarno-higienicznych, bezpiecze\u0144stwa przeciwpo\u017carowego, organizacji kuchni, sto\u0142\u00f3wek, szatni;<\/li><li><strong>Dokumentacj\u0119<\/strong> projektow\u0105, budowlan\u0105, koszty nadzoru i odbior\u00f3w;<\/li><li><strong>Zakup i monta\u017c wyposa\u017cenia<\/strong> min. meble, wyposa\u017cenie wypoczynkowe, wyposa\u017cenie sanitarne, wyposa\u017cenie kuchenne, zabawki;<\/li><li><strong>Zakup pomocy<\/strong> do prowadzenia zaj\u0119\u0107 opieku\u0144czo-wychowawczych i edukacyjnych;<\/li><li><strong>Plac zabaw<\/strong> \u2013 wyposa\u017cenie i monta\u017c;<\/li><li><strong>Zagospodarowanie terenu<\/strong> \u2013 dostosowanie otoczenia instytucji opieki;<\/li><li><strong>Promocj\u0119 i reklam\u0119<\/strong>.<\/li><\/ul><p>Szczeg\u00f3\u0142owe informacje oraz przebieg zada\u0144 zwi\u0105zanych z realizacj\u0105 za\u0142o\u017ce\u0144 Programu, b\u0119dzie dost\u0119pne w specjalnej zak\u0142adce. Odno\u015bnik, tzw stopka b\u0119dzie widoczna po prawej stronie z dotychczas istniej\u0105cym odniesieniem fb.<br \/>#Fundusze UE<\/p>\t\t\t\t\t\t<\/div>\n\t\t\t\t<\/div>\n\t\t\t\t\t<\/div>\n\t\t<\/div>\n\t\t\t\t\t<\/div>\n\t\t<\/section>\n\t\t\t\t<section data-particle_enable=\"false\" data-particle-mobile-disabled=\"false\" class=\"elementor-section elementor-top-section elementor-element elementor-element-624a909 elementor-section-boxed elementor-section-height-default elementor-section-height-default\" data-id=\"624a909\" data-element_type=\"section\" data-settings=\"{&quot;background_background&quot;:&quot;classic&quot;}\">\n\t\t\t\t\t\t<div class=\"elementor-container elementor-column-gap-default\">\n\t\t\t\t\t<div class=\"elementor-column elementor-col-100 elementor-top-column elementor-element elementor-element-f2189ae\" data-id=\"f2189ae\" data-element_type=\"column\">\n\t\t\t<div class=\"elementor-widget-wrap elementor-element-populated\">\n\t\t\t\t\t\t<div class=\"elementor-element elementor-element-dbaeb44 elementor-widget elementor-widget-image\" data-id=\"dbaeb44\" data-element_type=\"widget\" data-widget_type=\"image.default\">\n\t\t\t\t<div class=\"elementor-widget-container\">\n\t\t\t\t\t\t\t\t\t\t\t\t\t<img decoding=\"async\" width=\"150\" height=\"150\" src=\"https:\/\/zlobeksensomisie.pl\/wp-content\/uploads\/2024\/08\/logo-fb-zlobek-sensomisie-2-150x150.png\" class=\"attachment-thumbnail size-thumbnail wp-image-42\" alt=\"logo \u017c\u0142obek sensomisie w jaskrowie\" srcset=\"https:\/\/zlobeksensomisie.pl\/wp-content\/uploads\/2024\/08\/logo-fb-zlobek-sensomisie-2-150x150.png 150w, https:\/\/zlobeksensomisie.pl\/wp-content\/uploads\/2024\/08\/logo-fb-zlobek-sensomisie-2-300x300.png 300w, https:\/\/zlobeksensomisie.pl\/wp-content\/uploads\/2024\/08\/logo-fb-zlobek-sensomisie-2-1024x1024.png 1024w, https:\/\/zlobeksensomisie.pl\/wp-content\/uploads\/2024\/08\/logo-fb-zlobek-sensomisie-2-768x768.png 768w, https:\/\/zlobeksensomisie.pl\/wp-content\/uploads\/2024\/08\/logo-fb-zlobek-sensomisie-2-1536x1536.png 1536w, https:\/\/zlobeksensomisie.pl\/wp-content\/uploads\/2024\/08\/logo-fb-zlobek-sensomisie-2.png 1920w\" sizes=\"(max-width: 150px) 100vw, 150px\" \/>\t\t\t\t\t\t\t\t\t\t\t\t\t<\/div>\n\t\t\t\t<\/div>\n\t\t\t\t\t<\/div>\n\t\t<\/div>\n\t\t\t\t\t<\/div>\n\t\t<\/section>\n\t\t\t\t<section data-particle_enable=\"false\" data-particle-mobile-disabled=\"false\" class=\"elementor-section elementor-top-section elementor-element elementor-element-a800a80 elementor-section-boxed elementor-section-height-default elementor-section-height-default\" data-id=\"a800a80\" data-element_type=\"section\">\n\t\t\t\t\t\t<div class=\"elementor-container elementor-column-gap-default\">\n\t\t\t\t\t<div class=\"elementor-column elementor-col-100 elementor-top-column elementor-element elementor-element-0f12bad\" data-id=\"0f12bad\" data-element_type=\"column\">\n\t\t\t<div class=\"elementor-widget-wrap\">\n\t\t\t\t\t\t\t<\/div>\n\t\t<\/div>\n\t\t\t\t\t<\/div>\n\t\t<\/section>\n\t\t\t\t<\/div>\n\t\t","protected":false},"excerpt":{"rendered":"<p>Programy \/ dotacje \u00a0\u00a0\u00a0\u00a0\u00a0\u00a0\u00a0\u00a0\u00a0\u00a0\u00a0\u00a0 Z rado\u015bci\u0105 informuj\u0119, podpisa\u0142am umow\u0119 ws. przekazania dofinansowania na zadanie polegaj\u0105ce na tworzeniu miejsc opieki nad dzie\u0107mi w wieku do lat 3 w ramach Programu rozwoju instytucji opieki nad dzie\u0107mi w wieku do lat 3 \u201eMALUCH+\u201d 2022-2029. \u00a0\u00a0\u00a0\u00a0\u00a0\u00a0\u00a0\u00a0 Ja, Agata Kwietniowska-Gero\u0144 \u2013 ostateczny odbiorca wsparcia otrzyma\u0142am \u015brodki finansowe z przeznaczaniem na [&hellip;]<\/p>\n","protected":false},"author":1,"featured_media":0,"parent":0,"menu_order":0,"comment_status":"closed","ping_status":"closed","template":"","meta":{"site-sidebar-layout":"no-sidebar","site-content-layout":"page-builder","ast-site-content-layout":"full-width-container","site-content-style":"default","site-sidebar-style":"default","ast-global-header-display":"","ast-banner-title-visibility":"","ast-main-header-display":"","ast-hfb-above-header-display":"","ast-hfb-below-header-display":"","ast-hfb-mobile-header-display":"","site-post-title":"disabled","ast-breadcrumbs-content":"","ast-featured-img":"disabled","footer-sml-layout":"","theme-transparent-header-meta":"","adv-header-id-meta":"","stick-header-meta":"","header-above-stick-meta":"","header-main-stick-meta":"","header-below-stick-meta":"","astra-migrate-meta-layouts":"default","ast-page-background-enabled":"default","ast-page-background-meta":{"desktop":{"background-color":"var(--ast-global-color-4)","background-image":"","background-repeat":"repeat","background-position":"center center","background-size":"auto","background-attachment":"scroll","background-type":"","background-media":"","overlay-type":"","overlay-color":"","overlay-gradient":""},"tablet":{"background-color":"","background-image":"","background-repeat":"repeat","background-position":"center center","background-size":"auto","background-attachment":"scroll","background-type":"","background-media":"","overlay-type":"","overlay-color":"","overlay-gradient":""},"mobile":{"background-color":"","background-image":"","background-repeat":"repeat","background-position":"center center","background-size":"auto","background-attachment":"scroll","background-type":"","background-media":"","overlay-type":"","overlay-color":"","overlay-gradient":""}},"ast-content-background-meta":{"desktop":{"background-color":"var(--ast-global-color-5)","background-image":"","background-repeat":"repeat","background-position":"center center","background-size":"auto","background-attachment":"scroll","background-type":"","background-media":"","overlay-type":"","overlay-color":"","overlay-gradient":""},"tablet":{"background-color":"var(--ast-global-color-5)","background-image":"","background-repeat":"repeat","background-position":"center center","background-size":"auto","background-attachment":"scroll","background-type":"","background-media":"","overlay-type":"","overlay-color":"","overlay-gradient":""},"mobile":{"background-color":"var(--ast-global-color-5)","background-image":"","background-repeat":"repeat","background-position":"center center","background-size":"auto","background-attachment":"scroll","background-type":"","background-media":"","overlay-type":"","overlay-color":"","overlay-gradient":""}},"footnotes":""},"class_list":["post-65","page","type-page","status-publish","hentry"],"_links":{"self":[{"href":"https:\/\/zlobeksensomisie.pl\/index.php?rest_route=\/wp\/v2\/pages\/65","targetHints":{"allow":["GET"]}}],"collection":[{"href":"https:\/\/zlobeksensomisie.pl\/index.php?rest_route=\/wp\/v2\/pages"}],"about":[{"href":"https:\/\/zlobeksensomisie.pl\/index.php?rest_route=\/wp\/v2\/types\/page"}],"author":[{"embeddable":true,"href":"https:\/\/zlobeksensomisie.pl\/index.php?rest_route=\/wp\/v2\/users\/1"}],"replies":[{"embeddable":true,"href":"https:\/\/zlobeksensomisie.pl\/index.php?rest_route=%2Fwp%2Fv2%2Fcomments&post=65"}],"version-history":[{"count":28,"href":"https:\/\/zlobeksensomisie.pl\/index.php?rest_route=\/wp\/v2\/pages\/65\/revisions"}],"predecessor-version":[{"id":714,"href":"https:\/\/zlobeksensomisie.pl\/index.php?rest_route=\/wp\/v2\/pages\/65\/revisions\/714"}],"wp:attachment":[{"href":"https:\/\/zlobeksensomisie.pl\/index.php?rest_route=%2Fwp%2Fv2%2Fmedia&parent=65"}],"curies":[{"name":"wp","href":"https:\/\/api.w.org\/{rel}","templated":true}]}}